{"id":2,"date":"2023-01-02T14:14:04","date_gmt":"2023-01-02T13:14:04","guid":{"rendered":"https:\/\/www.weltreise1983-84.domning.eu\/wp\/?page_id=2"},"modified":"2025-06-30T11:11:36","modified_gmt":"2025-06-30T09:11:36","slug":"beispiel-seite","status":"publish","type":"page","link":"https:\/\/www.weltreise1983-84.domning.eu\/wp\/?page_id=2","title":{"rendered":"\u00dcber dieses Projekt"},"content":{"rendered":"\t\t<div data-elementor-type=\"wp-page\" data-elementor-id=\"2\" class=\"elementor elementor-2\">\n\t\t\t\t\t\t\t\t\t<section class=\"elementor-section elementor-top-section elementor-element elementor-element-7636026 elementor-section-boxed elementor-section-height-default elementor-section-height-default\" data-id=\"7636026\" data-element_type=\"section\">\n\t\t\t\t\t\t<div class=\"elementor-container elementor-column-gap-default\">\n\t\t\t\t\t<div class=\"elementor-column elementor-col-100 elementor-top-column elementor-element elementor-element-50d8feb\" data-id=\"50d8feb\" data-element_type=\"column\">\n\t\t\t<div class=\"elementor-widget-wrap elementor-element-populated\">\n\t\t\t\t\t\t\t\t<div class=\"elementor-element elementor-element-1bd52dd elementor-widget elementor-widget-text-editor\" data-id=\"1bd52dd\" data-element_type=\"widget\" data-widget_type=\"text-editor.default\">\n\t\t\t\t<div class=\"elementor-widget-container\">\n\t\t\t<style>\/*! elementor - v3.18.0 - 08-12-2023 *\/\n.elementor-widget-text-editor.elementor-drop-cap-view-stacked .elementor-drop-cap{background-color:#69727d;color:#fff}.elementor-widget-text-editor.elementor-drop-cap-view-framed .elementor-drop-cap{color:#69727d;border:3px solid;background-color:transparent}.elementor-widget-text-editor:not(.elementor-drop-cap-view-default) .elementor-drop-cap{margin-top:8px}.elementor-widget-text-editor:not(.elementor-drop-cap-view-default) .elementor-drop-cap-letter{width:1em;height:1em}.elementor-widget-text-editor .elementor-drop-cap{float:left;text-align:center;line-height:1;font-size:50px}.elementor-widget-text-editor .elementor-drop-cap-letter{display:inline-block}<\/style>\t\t\t\t<p style=\"text-align: right;\">Hildesheim im Januar 2023<\/p>\t\t\t\t\t\t<\/div>\n\t\t\t\t<\/div>\n\t\t\t\t\t<\/div>\n\t\t<\/div>\n\t\t\t\t\t\t\t<\/div>\n\t\t<\/section>\n\t\t\t\t<section class=\"elementor-section elementor-top-section elementor-element elementor-element-8c79f2f elementor-section-boxed elementor-section-height-default elementor-section-height-default\" data-id=\"8c79f2f\" data-element_type=\"section\">\n\t\t\t\t\t\t<div class=\"elementor-container elementor-column-gap-default\">\n\t\t\t\t\t<div class=\"elementor-column elementor-col-50 elementor-top-column elementor-element elementor-element-cdb6207\" data-id=\"cdb6207\" data-element_type=\"column\">\n\t\t\t<div class=\"elementor-widget-wrap elementor-element-populated\">\n\t\t\t\t\t\t\t\t<div class=\"elementor-element elementor-element-486b086 elementor-widget elementor-widget-text-editor\" data-id=\"486b086\" data-element_type=\"widget\" data-widget_type=\"text-editor.default\">\n\t\t\t\t<div class=\"elementor-widget-container\">\n\t\t\t\t\t\t\t<p>Im Juni 1983 brachen wir, meine leider letztes Jahr viel zu fr\u00fch verstorbene Frau Anette und ich, zu einer Weltreise auf, die uns bis<br \/>Anfang Februar 1984 \u00fcber vier Kontinente, Amerika, Asien, Australien zur\u00fcck nach Europa, also rund um die Erde f\u00fchrte.<\/p>\n<p>Dieser Blog wird die nun genau 40 Jahre zur\u00fcckliegende Reise virtuell noch einmal machen &#8211; mit den heutigen technischen M\u00f6glichkeiten.<\/p>\n<p>In den letzten Jahren, in der sich diese Reise immer mehr als Ankerpunkt unserer langen Beziehung herauskristallisierte, keimte diese Idee heran, leider kann Anette nun nicht mehr an diesem Projekt teilhaben<\/p>\t\t\t\t\t\t<\/div>\n\t\t\t\t<\/div>\n\t\t\t\t\t<\/div>\n\t\t<\/div>\n\t\t\t\t<div class=\"elementor-column elementor-col-50 elementor-top-column elementor-element elementor-element-2bed5e7\" data-id=\"2bed5e7\" data-element_type=\"column\">\n\t\t\t<div class=\"elementor-widget-wrap elementor-element-populated\">\n\t\t\t\t\t\t\t\t<div class=\"elementor-element elementor-element-68d5bb5 elementor-widget elementor-widget-image\" data-id=\"68d5bb5\" data-element_type=\"widget\" data-widget_type=\"image.default\">\n\t\t\t\t<div class=\"elementor-widget-container\">\n\t\t\t<style>\/*! elementor - v3.18.0 - 08-12-2023 *\/\n.elementor-widget-image{text-align:center}.elementor-widget-image a{display:inline-block}.elementor-widget-image a img[src$=\".svg\"]{width:48px}.elementor-widget-image img{vertical-align:middle;display:inline-block}<\/style>\t\t\t\t\t\t\t\t\t<figure class=\"wp-caption\">\n\t\t\t\t\t\t\t\t\t\t\t<a href=\"https:\/\/www.weltreise1983-84.domning.eu\/wp\/wp-content\/uploads\/2023\/01\/AnneEkkeGrampians.jpg\" data-elementor-open-lightbox=\"yes\" data-elementor-lightbox-title=\"Anne und Ekke in den Grampians\" data-elementor-lightbox-description=\"Anette und Ekkehard in den Grampions, am Pinnacle Lookout, Victoria, Australien am 12.11.1983\" data-e-action-hash=\"#elementor-action%3Aaction%3Dlightbox%26settings%3DeyJpZCI6NDAsInVybCI6Imh0dHBzOlwvXC93d3cud2VsdHJlaXNlMTk4My04NC5kb21uaW5nLmV1XC93cFwvd3AtY29udGVudFwvdXBsb2Fkc1wvMjAyM1wvMDFcL0FubmVFa2tlR3JhbXBpYW5zLmpwZyJ9\">\n\t\t\t\t\t\t\t<img fetchpriority=\"high\" decoding=\"async\" width=\"640\" height=\"960\" src=\"https:\/\/www.weltreise1983-84.domning.eu\/wp\/wp-content\/uploads\/2023\/01\/AnneEkkeGrampians-683x1024.jpg\" class=\"attachment-large size-large wp-image-40\" alt=\"\" srcset=\"https:\/\/www.weltreise1983-84.domning.eu\/wp\/wp-content\/uploads\/2023\/01\/AnneEkkeGrampians-683x1024.jpg 683w, https:\/\/www.weltreise1983-84.domning.eu\/wp\/wp-content\/uploads\/2023\/01\/AnneEkkeGrampians-200x300.jpg 200w, https:\/\/www.weltreise1983-84.domning.eu\/wp\/wp-content\/uploads\/2023\/01\/AnneEkkeGrampians-768x1152.jpg 768w, https:\/\/www.weltreise1983-84.domning.eu\/wp\/wp-content\/uploads\/2023\/01\/AnneEkkeGrampians-1024x1536.jpg 1024w, https:\/\/www.weltreise1983-84.domning.eu\/wp\/wp-content\/uploads\/2023\/01\/AnneEkkeGrampians.jpg 1280w\" sizes=\"(max-width: 640px) 100vw, 640px\" \/>\t\t\t\t\t\t\t\t<\/a>\n\t\t\t\t\t\t\t\t\t\t\t<figcaption class=\"widget-image-caption wp-caption-text\">Anette und Ekkehard in den Grampions, am Pinnacle Lookout, Victoria, Australien am 12.11.1983<\/figcaption>\n\t\t\t\t\t\t\t\t\t\t<\/figure>\n\t\t\t\t\t\t\t\t\t<\/div>\n\t\t\t\t<\/div>\n\t\t\t\t\t<\/div>\n\t\t<\/div>\n\t\t\t\t\t\t\t<\/div>\n\t\t<\/section>\n\t\t\t\t<section class=\"elementor-section elementor-top-section elementor-element elementor-element-4a8272a elementor-section-boxed elementor-section-height-default elementor-section-height-default\" data-id=\"4a8272a\" data-element_type=\"section\">\n\t\t\t\t\t\t<div class=\"elementor-container elementor-column-gap-default\">\n\t\t\t\t\t<div class=\"elementor-column elementor-col-100 elementor-top-column elementor-element elementor-element-7fb05cd\" data-id=\"7fb05cd\" data-element_type=\"column\">\n\t\t\t<div class=\"elementor-widget-wrap elementor-element-populated\">\n\t\t\t\t\t\t\t\t<div class=\"elementor-element elementor-element-fa924a4 elementor-widget elementor-widget-text-editor\" data-id=\"fa924a4\" data-element_type=\"widget\" data-widget_type=\"text-editor.default\">\n\t\t\t\t<div class=\"elementor-widget-container\">\n\t\t\t\t\t\t\t<p>40 Jahre sind eine lange Zeit.<\/p>\n<p><!-- wp:paragraph --><\/p>\n<p><!-- \/wp:paragraph --><\/p>\n<p><!-- wp:paragraph --><\/p>\n<p>War damals alles modern und neu, so wirkt vieles aus heutiger Sicht archaisch. Unsere Eltern und Gro\u00dfeltern sprachen damals vom 2. Weltkrieg, vom Bombenhagel, Flucht und Vertreibung. Es klang damals, f\u00fcr unsere jungen Ohren, wie Geschichten aus einer v\u00f6llig anderen Welt. \u00c4hnlich ergeht es uns heute mit dem Blick zur\u00fcck.<\/p>\n<p><!-- \/wp:paragraph --><\/p>\n<p><!-- wp:paragraph --><\/p>\n<p>Vieles was damals v\u00f6llig allt\u00e4glich war, gibt es nicht mehr. Weder existiert die DDR oder die Sowjetunion noch, noch die Fluggesellschaften TWA und Pan Am. Auch Aerogramme, einseitige Luftpostbriefe, sind verschwunden.<\/p>\n<p><!-- \/wp:paragraph --><\/p>\n<p><!-- wp:paragraph --><\/p>\n<p>Telefonieren konnte man damals schon weltweit, allerdings zu horrenden Preisen. Ein dreimin\u00fctiger Anruf aus den USA zur\u00fcck nach Deutschland kostete 20 US Dollar, bei dem damaligen Wechselkurs etwa 50\u00a0DM, etwa der Nettoarbeitslohn eines Hilfsarbeiters f\u00fcr einen Tag.<\/p>\n<p><!-- \/wp:paragraph --><\/p>\n<p><!-- wp:paragraph --><\/p>\n<p>Ebenfalls nahezu v\u00f6llig verschwunden ist die chemische Art des Fotografierens. Zu unserer Ausstattung geh\u00f6rte eine analoge Kamera, mit der w\u00e4hrend der Reise ausschlie\u00dflich Dia-Positive gemacht wurden. Die Filme mussten transportiert werden, konnten durch Hitze, Feuchtigkeit und R\u00f6ntgen bei der Sicherheitskontrolle besch\u00e4digt werden. Nat\u00fcrlich wusste man erst wenn der Film vom Entwickeln zur\u00fcck kam, ob die Bilder gelungen waren. Zudem war das ganze Prozedere recht teuer, so dass es von der ganzen Reise nur etwa 350 Bilder gibt. Zu allem \u00dcberfluss konnten Filme bei der Entwicklung verloren gehen. Dies geschah mit unserem ersten Film, dessen 36 Bilder vom Abflug in Br\u00fcssel \u00fcber New York bis zum Gran Canyon reichte und in einem Labor in San Franciso verschlampt wurden.<\/p>\n<p><!-- \/wp:paragraph --><\/p>\n<p><!-- wp:paragraph --><\/p>\n<p>Auch die Informationsbeschaffung war damals v\u00f6llig anders als heute. Mangels Internet, musste alles Wissenswerte aus B\u00fcchern und Zeitschriften entnommen werden. Der Besuch einer Bibliothek war als verpflichtend. Und nat\u00fcrlich war der Austausch innerhalb der Gruppe der Reisenden wesentlich. Wer war schon wo, wie kam er oder sie dahin, welche Gefahren und Hindernisse galt es zu beachten, all das war Inhalt vieler Gespr\u00e4che.<\/p>\t\t\t\t\t\t<\/div>\n\t\t\t\t<\/div>\n\t\t\t\t\t<\/div>\n\t\t<\/div>\n\t\t\t\t\t\t\t<\/div>\n\t\t<\/section>\n\t\t\t\t<section class=\"elementor-section elementor-top-section elementor-element elementor-element-f0f3804 elementor-section-boxed elementor-section-height-default elementor-section-height-default\" data-id=\"f0f3804\" data-element_type=\"section\">\n\t\t\t\t\t\t<div class=\"elementor-container elementor-column-gap-default\">\n\t\t\t\t\t<div class=\"elementor-column elementor-col-100 elementor-top-column elementor-element elementor-element-dc2ca90\" data-id=\"dc2ca90\" data-element_type=\"column\">\n\t\t\t<div class=\"elementor-widget-wrap elementor-element-populated\">\n\t\t\t\t\t\t\t\t<div class=\"elementor-element elementor-element-acdf4fa elementor-widget elementor-widget-image\" data-id=\"acdf4fa\" data-element_type=\"widget\" data-widget_type=\"image.default\">\n\t\t\t\t<div class=\"elementor-widget-container\">\n\t\t\t\t\t\t\t\t\t\t\t\t<figure class=\"wp-caption\">\n\t\t\t\t\t\t\t\t\t\t\t<a href=\"https:\/\/www.weltreise1983-84.domning.eu\/wp\/wp-content\/uploads\/2023\/01\/ReisebuecherAufSpielBrett.jpg\" data-elementor-open-lightbox=\"yes\" data-elementor-lightbox-title=\"Reiseb\u00fccher auf Weltreisespielbrett\" data-e-action-hash=\"#elementor-action%3Aaction%3Dlightbox%26settings%3DeyJpZCI6NTAsInVybCI6Imh0dHBzOlwvXC93d3cud2VsdHJlaXNlMTk4My04NC5kb21uaW5nLmV1XC93cFwvd3AtY29udGVudFwvdXBsb2Fkc1wvMjAyM1wvMDFcL1JlaXNlYnVlY2hlckF1ZlNwaWVsQnJldHQuanBnIn0%3D\">\n\t\t\t\t\t\t\t<img decoding=\"async\" width=\"640\" height=\"396\" src=\"https:\/\/www.weltreise1983-84.domning.eu\/wp\/wp-content\/uploads\/2023\/01\/ReisebuecherAufSpielBrett-1024x634.jpg\" class=\"attachment-large size-large wp-image-50\" alt=\"Reiseb\u00fccher auf einem Spielbrett\" srcset=\"https:\/\/www.weltreise1983-84.domning.eu\/wp\/wp-content\/uploads\/2023\/01\/ReisebuecherAufSpielBrett-1024x634.jpg 1024w, https:\/\/www.weltreise1983-84.domning.eu\/wp\/wp-content\/uploads\/2023\/01\/ReisebuecherAufSpielBrett-300x186.jpg 300w, https:\/\/www.weltreise1983-84.domning.eu\/wp\/wp-content\/uploads\/2023\/01\/ReisebuecherAufSpielBrett-768x476.jpg 768w, https:\/\/www.weltreise1983-84.domning.eu\/wp\/wp-content\/uploads\/2023\/01\/ReisebuecherAufSpielBrett-1536x951.jpg 1536w, https:\/\/www.weltreise1983-84.domning.eu\/wp\/wp-content\/uploads\/2023\/01\/ReisebuecherAufSpielBrett.jpg 1920w\" sizes=\"(max-width: 640px) 100vw, 640px\" \/>\t\t\t\t\t\t\t\t<\/a>\n\t\t\t\t\t\t\t\t\t\t\t<figcaption class=\"widget-image-caption wp-caption-text\">Erste B\u00fccher<\/figcaption>\n\t\t\t\t\t\t\t\t\t\t<\/figure>\n\t\t\t\t\t\t\t\t\t<\/div>\n\t\t\t\t<\/div>\n\t\t\t\t\t<\/div>\n\t\t<\/div>\n\t\t\t\t\t\t\t<\/div>\n\t\t<\/section>\n\t\t\t\t<section class=\"elementor-section elementor-top-section elementor-element elementor-element-7d70ece elementor-section-boxed elementor-section-height-default elementor-section-height-default\" data-id=\"7d70ece\" data-element_type=\"section\">\n\t\t\t\t\t\t<div class=\"elementor-container elementor-column-gap-default\">\n\t\t\t\t\t<div class=\"elementor-column elementor-col-100 elementor-top-column elementor-element elementor-element-d972d95\" data-id=\"d972d95\" data-element_type=\"column\">\n\t\t\t<div class=\"elementor-widget-wrap elementor-element-populated\">\n\t\t\t\t\t\t\t\t<div class=\"elementor-element elementor-element-c00031f elementor-widget elementor-widget-text-editor\" data-id=\"c00031f\" data-element_type=\"widget\" data-widget_type=\"text-editor.default\">\n\t\t\t\t<div class=\"elementor-widget-container\">\n\t\t\t\t\t\t\t<p>Aber wir waren nat\u00fcrlich nicht die ersten, die auf eine solche Reise gingen, vielmehr hatten die etwas \u00e4lteren Babyboomer diesen Weg f\u00fcr uns bereits geebnet. Die ersten Weltreisenden fuhren noch mit dem VW-Bus \u00fcber den Balkan, die T\u00fcrkei, Persien\/Iran, Afghanistan, Pakistan nach Indien. Wobei diese Route bereits 1979 durch die die Revolution im Iran und durch den sowjetischen Einmarsch in Afghanistan deutlich an Attraktivit\u00e4t verloren hatte.<\/p>\n<p><!-- \/wp:paragraph --><\/p>\n<p><!-- wp:paragraph --><\/p>\n<p>Au\u00dferdem waren die Flugpreise deutlich gesunken, so dass es tats\u00e4chlich attraktiver wurde die langen Strecken zu fliegen, statt auf der Oberfl\u00e4che per Schiff, Bahn oder Bus zu reisen.<\/p>\n<p><!-- \/wp:paragraph --><\/p>\n<p><!-- wp:paragraph --><\/p>\n<p>Die Planungen der Route entstanden dann anhand der finanziell leistbaren Flugstrecken, dazu mehr im Blog.<\/p>\n<p><!-- \/wp:paragraph --><\/p>\n<p><!-- wp:paragraph --><\/p>\n<p>Der Gedanke eine solche Reise zu unternehmen entstand als ich etwa 9 oder 10 Jahre alt war. Zum einen besa\u00dfen wir ein Spiel mit dem Namen \u201eWeltreise\u201c (dessen Ziel war es, ausgeloste Ziele in m\u00f6glichst kurzer Zugfolge zu durchlaufen), zum Anderen hatten wir viele internationale Freunde, die ich alle einmal in ihrer Heimat besuchen wollte und dies bei jedem ihrer Besuch versprach.<\/p>\n<p><!-- \/wp:paragraph --><\/p>\n<p><!-- wp:paragraph --><\/p>\n<p>Nach Abschluss meiner Schulausbildung und dem Ende meines Zivildienstes, konnte die Planungen konkret werden. Anette musste noch ihr Abitur ablegen und dann konnte es losgehen.<\/p>\t\t\t\t\t\t<\/div>\n\t\t\t\t<\/div>\n\t\t\t\t\t<\/div>\n\t\t<\/div>\n\t\t\t\t\t\t\t<\/div>\n\t\t<\/section>\n\t\t\t\t<section class=\"elementor-section elementor-top-section elementor-element elementor-element-c409e67 elementor-section-boxed elementor-section-height-default elementor-section-height-default\" data-id=\"c409e67\" data-element_type=\"section\">\n\t\t\t\t\t\t<div class=\"elementor-container elementor-column-gap-default\">\n\t\t\t\t\t<div class=\"elementor-column elementor-col-100 elementor-top-column elementor-element elementor-element-01f171d\" data-id=\"01f171d\" data-element_type=\"column\">\n\t\t\t<div class=\"elementor-widget-wrap elementor-element-populated\">\n\t\t\t\t\t\t\t\t<div class=\"elementor-element elementor-element-4222972 elementor-widget elementor-widget-image\" data-id=\"4222972\" data-element_type=\"widget\" data-widget_type=\"image.default\">\n\t\t\t\t<div class=\"elementor-widget-container\">\n\t\t\t\t\t\t\t\t\t\t\t\t<figure class=\"wp-caption\">\n\t\t\t\t\t\t\t\t\t\t\t<a href=\"https:\/\/www.weltreise1983-84.domning.eu\/wp\/wp-content\/uploads\/2023\/01\/AnneEkke.jpg\" data-elementor-open-lightbox=\"yes\" data-elementor-lightbox-title=\"Anette und Ekkehard in Rom, November 2017\" data-e-action-hash=\"#elementor-action%3Aaction%3Dlightbox%26settings%3DeyJpZCI6MTMsInVybCI6Imh0dHBzOlwvXC93d3cud2VsdHJlaXNlMTk4My04NC5kb21uaW5nLmV1XC93cFwvd3AtY29udGVudFwvdXBsb2Fkc1wvMjAyM1wvMDFcL0FubmVFa2tlLmpwZyJ9\">\n\t\t\t\t\t\t\t<img decoding=\"async\" width=\"640\" height=\"334\" src=\"https:\/\/www.weltreise1983-84.domning.eu\/wp\/wp-content\/uploads\/2023\/01\/AnneEkke-1024x535.jpg\" class=\"attachment-large size-large wp-image-13\" alt=\"Anette und Ekkehard in Rom, November 2017\" srcset=\"https:\/\/www.weltreise1983-84.domning.eu\/wp\/wp-content\/uploads\/2023\/01\/AnneEkke-1024x535.jpg 1024w, https:\/\/www.weltreise1983-84.domning.eu\/wp\/wp-content\/uploads\/2023\/01\/AnneEkke-300x157.jpg 300w, https:\/\/www.weltreise1983-84.domning.eu\/wp\/wp-content\/uploads\/2023\/01\/AnneEkke-768x402.jpg 768w, https:\/\/www.weltreise1983-84.domning.eu\/wp\/wp-content\/uploads\/2023\/01\/AnneEkke-1536x803.jpg 1536w, https:\/\/www.weltreise1983-84.domning.eu\/wp\/wp-content\/uploads\/2023\/01\/AnneEkke.jpg 1920w\" sizes=\"(max-width: 640px) 100vw, 640px\" \/>\t\t\t\t\t\t\t\t<\/a>\n\t\t\t\t\t\t\t\t\t\t\t<figcaption class=\"widget-image-caption wp-caption-text\">Anette und Ekkehard in Rom, November 2017<\/figcaption>\n\t\t\t\t\t\t\t\t\t\t<\/figure>\n\t\t\t\t\t\t\t\t\t<\/div>\n\t\t\t\t<\/div>\n\t\t\t\t\t<\/div>\n\t\t<\/div>\n\t\t\t\t\t\t\t<\/div>\n\t\t<\/section>\n\t\t\t\t<section class=\"elementor-section elementor-top-section elementor-element elementor-element-728cc780 elementor-section-boxed elementor-section-height-default elementor-section-height-default\" data-id=\"728cc780\" data-element_type=\"section\">\n\t\t\t\t\t\t<div class=\"elementor-container elementor-column-gap-default\">\n\t\t\t\t\t<div class=\"elementor-column elementor-col-100 elementor-top-column elementor-element elementor-element-325c03ec\" data-id=\"325c03ec\" data-element_type=\"column\">\n\t\t\t<div class=\"elementor-widget-wrap elementor-element-populated\">\n\t\t\t\t\t\t\t\t<div class=\"elementor-element elementor-element-32e7aebd elementor-widget elementor-widget-text-editor\" data-id=\"32e7aebd\" data-element_type=\"widget\" data-widget_type=\"text-editor.default\">\n\t\t\t\t<div class=\"elementor-widget-container\">\n\t\t\t\t\t\t\t<p><!-- wp:paragraph --><\/p>\n<p><!-- \/wp:paragraph --><\/p>\n<p><!-- wp:image {\"id\":40,\"sizeSlug\":\"full\",\"linkDestination\":\"none\"} --><\/p>\n<figure class=\"wp-block-image size-full\"><\/figure>\n<p><!-- \/wp:image --><\/p>\n<p><!-- wp:paragraph --><\/p>\n<p><!-- \/wp:paragraph --><\/p>\n<p><!-- wp:paragraph --><\/p>\n<p><!-- \/wp:paragraph --><\/p>\n<p><!-- wp:image {\"id\":13,\"sizeSlug\":\"large\",\"linkDestination\":\"none\"} --><\/p>\n<figure class=\"wp-block-image size-large\">Der Blog richtet sich nach den in unserem Reisetagebuch niedergelegten Erlebnissen, die Zeit bis zum Beginn der Reise nimmt Bezug auf Ekkehards Tagebucheintr\u00e4gen.<br \/><br \/>Es geht los mit den <a href=\"https:\/\/www.weltreise1983-84.domning.eu\/wp\/?p=102\">Reiseplanungen<\/a> und dann mit <a href=\"https:\/\/www.weltreise1983-84.domning.eu\/wp\/?p=265\">Tag 1 der Reise<\/a>. Sie k\u00f6nnen aber auch direkt rechts die einzelnen L\u00e4nder und Etappen ansteuern.<\/figure>\n<p><!-- \/wp:paragraph --><\/p>\t\t\t\t\t\t<\/div>\n\t\t\t\t<\/div>\n\t\t\t\t\t<\/div>\n\t\t<\/div>\n\t\t\t\t\t\t\t<\/div>\n\t\t<\/section>\n\t\t\t\t\t\t\t<\/div>\n\t\t","protected":false},"excerpt":{"rendered":"<p>Hildesheim im Januar 2023 Im Juni 1983 brachen wir, meine leider letztes Jahr viel zu fr\u00fch verstorbene Frau Anette und ich, zu einer Weltreise auf, die uns bisAnfang Februar 1984 \u00fcber vier Kontinente, Amerika, Asien, Australien zur\u00fcck nach Europa, also rund um die Erde f\u00fchrte. Dieser Blog wird die nun genau 40 Jahre zur\u00fcckliegende Reise &hellip; <\/p>\n<p class=\"link-more\"><a href=\"https:\/\/www.weltreise1983-84.domning.eu\/wp\/?page_id=2\" class=\"more-link\">Lesen Sie den ganzen Beitrag &rarr;<span class=\"screen-reader-text\">&#8222;\u00dcber dieses Projekt&#8220;<\/span><\/a><\/p>\n","protected":false},"author":1,"featured_media":0,"parent":0,"menu_order":0,"comment_status":"closed","ping_status":"open","template":"","meta":{"_stc_notifier_status":"","_stc_notifier_sent_time":"","_stc_notifier_request":false,"_stc_notifier_prevent":false,"_stc_subscriber_keywords":"","_stc_subscriber_search_areas":"","cybocfi_hide_featured_image":"","footnotes":""},"_links":{"self":[{"href":"https:\/\/www.weltreise1983-84.domning.eu\/wp\/index.php?rest_route=\/wp\/v2\/pages\/2"}],"collection":[{"href":"https:\/\/www.weltreise1983-84.domning.eu\/wp\/index.php?rest_route=\/wp\/v2\/pages"}],"about":[{"href":"https:\/\/www.weltreise1983-84.domning.eu\/wp\/index.php?rest_route=\/wp\/v2\/types\/page"}],"author":[{"embeddable":true,"href":"https:\/\/www.weltreise1983-84.domning.eu\/wp\/index.php?rest_route=\/wp\/v2\/users\/1"}],"replies":[{"embeddable":true,"href":"https:\/\/www.weltreise1983-84.domning.eu\/wp\/index.php?rest_route=%2Fwp%2Fv2%2Fcomments&post=2"}],"version-history":[{"count":29,"href":"https:\/\/www.weltreise1983-84.domning.eu\/wp\/index.php?rest_route=\/wp\/v2\/pages\/2\/revisions"}],"predecessor-version":[{"id":3305,"href":"https:\/\/www.weltreise1983-84.domning.eu\/wp\/index.php?rest_route=\/wp\/v2\/pages\/2\/revisions\/3305"}],"wp:attachment":[{"href":"https:\/\/www.weltreise1983-84.domning.eu\/wp\/index.php?rest_route=%2Fwp%2Fv2%2Fmedia&parent=2"}],"curies":[{"name":"wp","href":"https:\/\/api.w.org\/{rel}","templated":true}]}}