{"id":15,"date":"2023-01-02T20:20:26","date_gmt":"2023-01-02T19:20:26","guid":{"rendered":"https:\/\/www.weltreise1983-84.domning.eu\/wp\/?page_id=15"},"modified":"2023-01-02T20:20:27","modified_gmt":"2023-01-02T19:20:27","slug":"impressum-kontakt","status":"publish","type":"page","link":"https:\/\/www.weltreise1983-84.domning.eu\/wp\/?page_id=15","title":{"rendered":"Impressum \/ Kontakt"},"content":{"rendered":"\n<p>Hinweis zu unserem Datenschutz gem\u00e4\u00df der EU Datenschutzgrundverordnung:<br>Wir m\u00f6chten eine gute Beziehung zu Ihnen aufbauen und Ihnen Informationen und Angebote zu unseren T\u00e4tigkeiten zukommen lassen. Deshalb verarbeiten wir auf Grundlage von Artikel 6 Abs. 1f der Europ\u00e4ischen Datenschutz-Grundverordnung zu diesem Zwecke Ihre pers\u00f6nlichen Daten, wie Name und E-Mail-Adresse.<br>Wenn dies nicht gew\u00fcnscht ist, kann jederzeit bei uns der Verwendung Ihrer Daten grunds\u00e4tzlich oder f\u00fcr bestimmte Zwecke widersprochen werden. Dazu bitte eine E-Mail an <a href=\"mailto:ekkehard@domning.eu\">ekkehard@domning.eu<\/a> senden.<br>Ihnen stehen die Rechte auf Auskunft, Berichtigung, L\u00f6schung, Einschr\u00e4nkung, Daten\u00fcbertragbarkeit, Widerruf und Widerspruch zu. Wenn Sie glauben, da\u00df die Verarbeitung Ihrer Daten gegen das Datenschutzrecht verst\u00f6\u00dft oder datenschutzrechtliche Anspr\u00fcche verletzt worden sind, ist eine Beschwerde bei dem\/der zust\u00e4ndigen Beauftragte*n f\u00fcr Datenschutz im jeweiligen Bundesland m\u00f6glich. In Niedersachsen finden Sie die zust\u00e4ndige Person auf der Internetseite <a href=\"https:\/\/www.domis.de\/www.lfd.niedersachsen.de\">www.lfd.niedersachsen.de<\/a>.<\/p>\n\n\n\n<p>Betreiber dieser privaten Internetseite ist<\/p>\n\n\n\n<p>Ekkehard Domning<br>Steuerwalder Stra\u00dfe 67<br>31137 Hildesheim<br>E-Mail: <a href=\"mailto:ekkehard@domning.eu\">ekkehard@domning.eu<\/a><\/p>\n\n\n\n<p><\/p>\n","protected":false},"excerpt":{"rendered":"<p>Hinweis zu unserem Datenschutz gem\u00e4\u00df der EU Datenschutzgrundverordnung:Wir m\u00f6chten eine gute Beziehung zu Ihnen aufbauen und Ihnen Informationen und Angebote zu unseren T\u00e4tigkeiten zukommen lassen. Deshalb verarbeiten wir auf Grundlage von Artikel 6 Abs. 1f der Europ\u00e4ischen Datenschutz-Grundverordnung zu diesem Zwecke Ihre pers\u00f6nlichen Daten, wie Name und E-Mail-Adresse.Wenn dies nicht gew\u00fcnscht ist, kann jederzeit bei &hellip; <\/p>\n<p class=\"link-more\"><a href=\"https:\/\/www.weltreise1983-84.domning.eu\/wp\/?page_id=15\" class=\"more-link\">Lesen Sie den ganzen Beitrag &rarr;<span class=\"screen-reader-text\">&#8222;Impressum \/ Kontakt&#8220;<\/span><\/a><\/p>\n","protected":false},"author":1,"featured_media":0,"parent":0,"menu_order":0,"comment_status":"closed","ping_status":"closed","template":"","meta":{"_stc_notifier_status":"","_stc_notifier_sent_time":"","_stc_notifier_request":false,"_stc_notifier_prevent":false,"_stc_subscriber_keywords":"","_stc_subscriber_search_areas":"","cybocfi_hide_featured_image":"","footnotes":""},"_links":{"self":[{"href":"https:\/\/www.weltreise1983-84.domning.eu\/wp\/index.php?rest_route=\/wp\/v2\/pages\/15"}],"collection":[{"href":"https:\/\/www.weltreise1983-84.domning.eu\/wp\/index.php?rest_route=\/wp\/v2\/pages"}],"about":[{"href":"https:\/\/www.weltreise1983-84.domning.eu\/wp\/index.php?rest_route=\/wp\/v2\/types\/page"}],"author":[{"embeddable":true,"href":"https:\/\/www.weltreise1983-84.domning.eu\/wp\/index.php?rest_route=\/wp\/v2\/users\/1"}],"replies":[{"embeddable":true,"href":"https:\/\/www.weltreise1983-84.domning.eu\/wp\/index.php?rest_route=%2Fwp%2Fv2%2Fcomments&post=15"}],"version-history":[{"count":1,"href":"https:\/\/www.weltreise1983-84.domning.eu\/wp\/index.php?rest_route=\/wp\/v2\/pages\/15\/revisions"}],"predecessor-version":[{"id":16,"href":"https:\/\/www.weltreise1983-84.domning.eu\/wp\/index.php?rest_route=\/wp\/v2\/pages\/15\/revisions\/16"}],"wp:attachment":[{"href":"https:\/\/www.weltreise1983-84.domning.eu\/wp\/index.php?rest_route=%2Fwp%2Fv2%2Fmedia&parent=15"}],"curies":[{"name":"wp","href":"https:\/\/api.w.org\/{rel}","templated":true}]}}